{"id":124,"date":"2026-02-18T16:53:13","date_gmt":"2026-02-18T16:53:13","guid":{"rendered":"https:\/\/accionaingenieria.com.mx\/?page_id=124"},"modified":"2026-02-18T16:53:37","modified_gmt":"2026-02-18T16:53:37","slug":"aviso-de-privacidad","status":"publish","type":"page","link":"https:\/\/accionaingenieria.com.mx\/index.php\/aviso-de-privacidad\/","title":{"rendered":"Aviso de privacidad"},"content":{"rendered":"\t\t<div data-elementor-type=\"wp-page\" data-elementor-id=\"124\" class=\"elementor elementor-124\" data-elementor-post-type=\"page\">\n\t\t\t\t<div class=\"elementor-element elementor-element-10c5db4 e-flex e-con-boxed e-con e-parent\" data-id=\"10c5db4\" data-element_type=\"container\" data-e-type=\"container\">\n\t\t\t\t\t<div class=\"e-con-inner\">\n\t\t\t\t<div class=\"elementor-element elementor-element-1b0ecbc elementor-widget elementor-widget-text-editor\" data-id=\"1b0ecbc\" data-element_type=\"widget\" data-e-type=\"widget\" data-widget_type=\"text-editor.default\">\n\t\t\t\t\t\t\t\t\t<p id=\"u5678-3\"><strong>ACCIONA INGENIER\u00cdA Y DESARROLLO EMPRESARIAL, S.A. DE C.V.<\/strong>, (en adelante referido como AIDE), con domicilio ubicado en la calle Mariano Matamoros No. 323, Colonia La Joya, Delegaci\u00f3n Tlalpan, Ciudad de M\u00e9xico, C.P. 14000, es responsable de recabar sus datos personales, as\u00ed como del uso, tratamiento y protecci\u00f3n de los mismos. Lo anterior con fundamento en la Ley Federal de Datos Personales en Protecci\u00f3n de Particulares, su Reglamento y dem\u00e1s ordenamientos legales aplicables.<\/p><p>\u00a0<\/p><p><strong>C\u00f3mo contactarnos.<\/strong><\/p><p>\u00a0<\/p><p>AIDE cuenta con unidad de protecci\u00f3n de datos personales (oficina de privacidad), la cual se encuentra dentro del domicilio arriba se\u00f1alado, cuyo responsable es el C.P. Alejandro Ru\u00cdz Gallegos, quien puede ser localizado en los tel\u00e9fonos (55) 5424-0908 \u00f3 01800-990-2433. Asimismo, para cualquier aclaraci\u00f3n derivada del presente Aviso de Privacidad, puede ponerse en contacto con nosotros mediante el correo electr\u00f3nico juridico@accionaingenieria.com.mx .<\/p><p>\u00a0<\/p><p>Datos personales que se recaban.<\/p><p>\u00a0<\/p><p>AIDE puede recabar datos personales del titular mediante la entrega directa o personal, a trav\u00e9s de cualquier medio de contacto f\u00edsico, telef\u00f3nico o electr\u00f3nico con el titular.<\/p><p>\u00a0<\/p><p>Los datos personales que AIDE recaba son los siguientes:<\/p><p>\u00a0<\/p><p>1. Su nombre completo.<\/p><p>2. Su direcci\u00f3n de correo electr\u00f3nico.<\/p><p>3. Su direcci\u00f3n postal o fiscal.<\/p><p>4. Su n\u00famero de tel\u00e9fono.<\/p><p>5. Su Registro Federal de Contribuyentes<\/p><p>6. Informaci\u00f3n sobre los productos o servicios que ha adquirido.<\/p><p>7. El uso y las actividades que realiza en nuestras p\u00e1ginas web.<\/p><p>8. Sus datos bancarios para el procesamiento de pagos de productos o servicios de AIDE.<\/p><p>\u00a0<\/p><p>Alcance del presente \u201cAviso de Privacidad\u201d.<\/p><p>\u00a0<\/p><p>El presente \u201cAviso de privacidad\u201d es aplicable para toda la informaci\u00f3n recopilada por AIDE, de igual manera, aquella informaci\u00f3n de terceros con los que AIDE celebre o vaya a celebrar relaciones comerciales de cualquier naturaleza. En este sentido, al momento de leer el presente \u201cAviso de Privacidad\u201d usted otorga su consentimiento a AIDE para recopilar y utilizar l\u00edcitamente sus datos personales para los fines que m\u00e1s adelante se expresan.<\/p><p>\u00a0<\/p><p>Para la recopilaci\u00f3n y tratamiento de datos personales, AIDE se compromete y obliga a observar y cumplir con los principios de licitud, consentimiento, informaci\u00f3n, calidad, finalidad, lealtad, proporcionalidad y responsabilidad; as\u00ed como todos los principios y disposiciones establecidas por la legislaci\u00f3n nacional e internacional en materia de protecci\u00f3n de datos personales.<\/p><p>\u00a0<\/p><p>Los cambios al presente \u201cAviso de Privacidad\u201d ser\u00e1n publicados en las siguientes p\u00e1ginas de Internet: http:\/\/accionaingenieria.com.mx y https:\/\/interpass.mx .<\/p><p>\u00a0<\/p><p>\u00a0<\/p><p><strong>Finalidades del tratamiento de datos personales.<\/strong><\/p><p>\u00a0<\/p><p>Los datos personales puestos a disposici\u00f3n de AIDE, se incluyen en una base de datos e informaci\u00f3n electr\u00f3nica, la cual es utilizada para la clasificaci\u00f3n, uso, resguardo y protecci\u00f3n de datos personales de personas f\u00edsicas y morales vinculadas con AIDE. As\u00ed entonces, la informaci\u00f3n y datos personales ah\u00ed contenidos podr\u00e1 ser utilizada por AIDE para las siguientes finalidades:<\/p><p>\u00a0<\/p><p>A. Finalidades Principales.<\/p><p>\u00a0<\/p><p>\u2022 Permitir a AIDE proveer los servicios y\/o productos que presta y\/o comercializa, los cuales han sido contratados por usted.<\/p><p>\u2022 Proveer la informaci\u00f3n necesaria para que AIDE pueda proveer los productos o servicios contratados por usted.<\/p><p>\u2022 Cumplir las obligaciones que AIDE contrae con usted.<\/p><p>\u2022 Facilitar las comunicaciones entre usted y AIDE.<\/p><p>\u2022 Recibir pagos por virtud de la adquisici\u00f3n de los productos o servicios que AIDE comercializa, as\u00ed como emitir los respectivos comprobantes fiscales.<\/p><p>\u2022 Activar o registrar determinados productos o servicios comercializados por AIDE o mejorar la funcionalidad.<\/p><p>\u2022 Ayudarnos a desarrollar productos, servicios, y crear campa\u00f1as dise\u00f1adas teniendo en cuenta sus intereses, optimizar los servicios al cliente y mejorar continuamente nuestros sitios web.<\/p><p>\u2022 Ayudarnos a mejorar los productos y servicios, y permitir que AIDE le mantenga informado y le invite a participar en las pruebas de nuevos productos y servicios.<\/p><p>\u2022 Resolver posibles problemas relacionados con el consumidor o con los productos o servicios comercializados por AIDE. B. Finalidades Secundarias.<\/p><p>\u2022 Permitir que AIDE realice evaluaciones de calidad de sus productos y\/o servicios.<\/p><p>\u2022 Posibilitar que AIDE informe sobre los cambios relacionados con los productos y servicios contratados por sus clientes.<\/p><p>\u2022 Enviarle informaci\u00f3n relativa a mensajes personalizados, ofertas especiales y anuncios relevantes para sus intereses personales, en funci\u00f3n de la informaci\u00f3n que ha compartido con nosotros y la que hemos recopilado a trav\u00e9s de las cookies o t\u00e9cnicas similares en relaci\u00f3n con su uso de los sitios web, las redes sociales y los blogs de AIDE.<\/p><p>\u00a0<\/p><p>\u00a0<\/p><p>Clasificaci\u00f3n de los datos personales que se obtienen.<\/p><p>\u00a0<\/p><p>Para la realizaci\u00f3n de las finalidades anteriormente se\u00f1aladas, AIDE requiere de m\u00faltiples datos personales, dentro de los cuales se destacan los siguientes:<\/p><p>\u00a0<\/p><p>Datos de identificaci\u00f3n: Nombre, domicilio, tel\u00e9fono de oficina, tel\u00e9fono de casa o m\u00f3vil, correo electr\u00f3nico, fax, firma aut\u00f3grafa, firma electr\u00f3nica avanzada (FIEL), Registro Federal de Contribuyentes (RFC), C\u00e9dula \u00fanica de registro de poblaci\u00f3n (CURP), identificaci\u00f3n vigente, nacionalidad, comprobante de domicilio y aquellos que por alguna disposici\u00f3n legal deban ser proporcionados.<\/p><p>\u00a0<\/p><p>Datos laborales, profesionales y acad\u00e9micos: Correo electr\u00f3nico institucional, ocupaci\u00f3n, Curriculum, cartas de recomendaci\u00f3n profesional, documentos de afiliaci\u00f3n a organizaciones p\u00fablicas y privadas, t\u00edtulos que acrediten nivel profesional o t\u00e9cnico, documentos que acrediten participaci\u00f3n en organizaciones, foros, diplomados u otros medios de especializaci\u00f3n profesional.<\/p><p>\u00a0<\/p><p>Datos patrimoniales: Cuentas bancarias, cuenta CLABE y banco para que sean efectuados los pagos derivados de las relaciones contractuales de AIDE, o bien para posibles reembolsos.<\/p><p>\u00a0<\/p><p>\u00a0<\/p><p>Limitaci\u00f3n del uso y divulgaci\u00f3n de sus datos personales.<\/p><p>\u00a0<\/p><p>El uso de datos personales que AIDE realice se ajustar\u00e1 a los objetivos acordados con sus clientes, proveedores o personas que por cualquier circunstancia pongan datos personales a su disposici\u00f3n.<\/p><p>\u00a0<\/p><p>No obstante lo anterior, cuando el tratamiento de datos personales no se refiera a aqu\u00e9llos necesarios para cumplir con las obligaciones legales que AIDE ha asumido con usted, le ser\u00e1 posible solicitar expresamente a AIDE que se abstenga a continuar usando sus datos personales (oposici\u00f3n). La solicitud en cuesti\u00f3n podr\u00e1 realizarse electr\u00f3nicamente mediante el correo electr\u00f3nico se\u00f1alado en el presente, o bien, por escrito en el domicilio que al efecto AIDE ha designado.<\/p><p>\u00a0<\/p><p>Los sistemas electr\u00f3nicos de AIDE se encuentran debidamente protegidos para evitar perdidas o filtraciones de los datos personales proporcionados.<\/p><p>\u00a0<\/p><p>\u00a0El tratamiento que AIDE ejercer\u00e1 sobre sus datos personales ser\u00e1 el que resulte necesario, correcto y relevante para las finalidades previstas en el presente \u201cAviso de Privacidad\u201d.<\/p><p>\u00a0<\/p><p>\u00a0<\/p><p>Medios para ejercer los derechos de Acceso, Rectificaci\u00f3n, Cancelaci\u00f3n y Oposici\u00f3n (mejor conocidos por doctrina en materia de derechos personales como \u201cderechos ARCO\u201d).<\/p><p>\u00a0<\/p><p>Conforme a la legislaci\u00f3n nacional en materia de datos personales, usted tiene la facultad de ejercer sus derechos ARCO, mismos derechos que para su pronta referencia se describen a continuaci\u00f3n:<\/p><p>\u00a0<\/p><p>\u2022 Derecho de Acceso: Derecho del titular a solicitar a AIDE que le informe si en su base de datos cuenta con informaci\u00f3n relativa a sus derechos personales.<\/p><p>\u00a0<\/p><p>\u2022 Derecho de Rectificaci\u00f3n: Derecho del titular a solicitar a AIDE la correcci\u00f3n de los datos personales que posee en su base de datos, siempre y cuando dichos datos sean incorrectos, imprecisos, incompletos o est\u00e1n desactualizados.<\/p><p>\u00a0<\/p><p>\u2022 Derecho de Cancelaci\u00f3n: Derecho del titular de solicitar a AIDE la cancelaci\u00f3n de sus datos personales que posee en sus bases de datos.<\/p><p>\u00a0<\/p><p>\u2022 Derecho de Oposici\u00f3n: Derecho del titular para solicitar a AIDE se abstenga a continuar usando o tratando sus datos personales de forma total o parcial (para determinadas circunstancias o finalidades).<\/p><p>\u00a0<\/p><p>En atenci\u00f3n a lo expuesto, usted tiene derecho de acceder a sus datos personales que AIDE posee y a los detalles del tratamiento de los mismos, as\u00ed como a rectificarlos en caso de ser inexactos o incompletos; cancelarlos cuando considere que no se requieren para alguna de las finalidades se\u00f1aladas en el presente aviso de privacidad, est\u00e9n siendo utilizados para finalidades no consentidas o haya finalizado la relaci\u00f3n contractual o de servicio, o bien, oponerse al tratamiento de los mismos para fines espec\u00edficos.<\/p><p>\u00a0<\/p><p>En caso que usted desee hacer efectivos sus derechos ARCO, podr\u00e1 hacerlo dirigiendo un correo electr\u00f3nico a la persona que para tal efecto AIDE ha designado, o tambi\u00e9n mediante la solicitud f\u00edsica (en papel) a nuestra oficina de privacidad.<\/p><p>\u00a0<\/p><p>Una vez que AIDE reciba la solicitud respectiva, proceder\u00e1 a atender la petici\u00f3n en un plazo de 20 (veinte) d\u00edas contados a partir de la fecha de solicitud, y se le informar\u00e1 sobre la procedencia de la misma a trav\u00e9s del correo electr\u00f3nico que al efecto se exprese en la solicitud.<\/p><p>\u00a0<\/p><p>\u00a0<\/p><p>Transferencia de datos personales.<\/p><p>\u00a0<\/p><p>A efecto que AIDE desarrolle las actividades comerciales y promocionales que usted ha contratado, es posible que sus datos personales sean transferidos y tratados dentro y fuera del pa\u00eds por personas distintas a AIDE, principalmente en los casos en que AIDE requiera el apoyo de terceras partes para que realicen ciertas tareas a su nombre, las cuales estar\u00e1n relacionadas con las actividades comerciales contratadas.<\/p><p>\u00a0<\/p><p>En este sentido, AIDE se compromete a no transferir sus datos personales sin su consentimiento, salvo en los supuestos previstos en la legislaci\u00f3n aplicable, as\u00ed como a realizar esta transferencia en los t\u00e9rminos establecidos por la ley.<\/p><p>\u00a0<\/p><p>Asimismo, AIDE exigir\u00e1 a los sujetos que reciban datos personales, el cumplimiento puntual de las disposiciones en materia de protecci\u00f3n de datos, as\u00ed como la protecci\u00f3n, clasificaci\u00f3n y debido manejo de los datos personales transferidos por parte de AIDE.<\/p><p>\u00a0<\/p><p>Si usted no manifiesta expresamente su oposici\u00f3n para que AIDE transfiera a terceros sus datos personales, se entender\u00e1 que usted otorga su consentimiento para ello.<\/p><p>\u00a0<\/p><p>\u00a0<\/p><p>Modificaciones al \u201cAviso de Privacidad\u201d.<\/p><p>\u00a0<\/p><p>AIDE se reserva el derecho a realizar en cualquier momento modificaciones o actualizaciones al presente aviso de privacidad para la atenci\u00f3n de novedades legislativas o jurisprudenciales, pol\u00edticas internas o nuevos requerimientos para la prestaci\u00f3n de sus servicios o provisi\u00f3n de sus productos.<\/p><p>\u00a0<\/p><p>Las modificaciones y\/o actualizaciones al \u201cAviso de Privacidad\u201d ser\u00e1n notificadas al p\u00fablico a trav\u00e9s de las siguientes p\u00e1ginas de Internet: http:\/\/accionaingenieria.com.mx y https:\/\/interpass.mx .<\/p><p>\u00a0<\/p><p>Para cualquier duda en relaci\u00f3n con el presente \u201cAviso de privacidad\u201d, favor de comunicarse con la oficina de privacidad de AIDE.<\/p><p>\u00a0<\/p><p>\u00a0<\/p><p>Uso de cookies y web beacons.<\/p><p>\u00a0<\/p><p>Las cookies son archivos de texto que son descargados autom\u00e1ticamente y almacenados en el disco duro del equipo de c\u00f3mputo del usuario al navegar en una p\u00e1gina de Internet espec\u00edfica, que permiten recordar al servidor de Internet algunos datos sobre este usuario, entre ellos, sus preferencias para la visualizaci\u00f3n de las p\u00e1ginas en ese servidor, nombre y contrase\u00f1a.<\/p><p>\u00a0<\/p><p>Por su parte, las web beacons son im\u00e1genes insertadas en una p\u00e1gina de Internet o correo electr\u00f3nico, que pueden ser utilizadas para monitorear (i) el comportamiento de un visitante, (ii) la informaci\u00f3n almacenada sobre la direcci\u00f3n IP del usuario, (iii) la duraci\u00f3n del tiempo de interacci\u00f3n en dicha p\u00e1gina, (iv) el tipo de navegador utilizado, entre otros.<\/p><p>\u00a0<\/p><p>En virtud de lo anterior, es propio mencionar que AIDE utiliza cookies y otras tecnolog\u00edas de identificaci\u00f3n en sus sitios web, aplicaciones m\u00f3viles, comunicaciones electr\u00f3nicas, anuncios y dem\u00e1s servicios en l\u00ednea. Mediante dichas cookies, AIDE recopila datos personales para autentificaci\u00f3n y configuraci\u00f3n de usuarios, an\u00e1lisis de tr\u00e1fico en su sitio web y aplicaciones m\u00f3viles, tendencias y en general para poder comprender el comportamiento e intereses de los usuarios y personas que interact\u00faan con los servicios y productos de AIDE.<\/p><p>\u00a0<\/p><p>Usted tiene la facultad de impedir que AIDE utilice cookies, para lo cual es altamente probable que se afecte la funcionalidad de sus servicios y productos.<\/p><p>\u00a0<\/p><p>La mayor\u00eda de los navegadores web est\u00e1n configurados para aceptar cookies por defecto. Si lo prefiere, normalmente puede optar por configurar su navegador para eliminar o rechazar las cookies del navegador. Para ello, siga las instrucciones proporcionadas por su navegador que normalmente se encuentran dentro del men\u00fa \u201cAyuda\u201d o \u201cPreferencias\u201d.<\/p><p>\u00a0<\/p><p>\u00a0<\/p><p>Quejas y denuncias por el tratamiento indebido de sus datos personales.<\/p><p>\u00a0<\/p><p>Si usted considera que sus derechos de protecci\u00f3n de datos personales han sido lesionados por alguna conducta imputable a AIDE, podr\u00e1 interponer la queja o denuncia correspondiente ante el INAI.<\/p><p>\u00a0<\/p><p>Para mayor informaci\u00f3n visite http:\/\/inicio.ifai.org.mx\/SitePages\/ifai.aspx.<\/p><p>\u00a0<\/p><p>\u00daLTIMA ACTUALIZACI\u00d3N: ABRIL DE 2019.<\/p>\t\t\t\t\t\t\t\t<\/div>\n\t\t\t\t\t<\/div>\n\t\t\t\t<\/div>\n\t\t\t\t<\/div>\n\t\t","protected":false},"excerpt":{"rendered":"<p>ACCIONA INGENIER\u00cdA Y DESARROLLO EMPRESARIAL, S.A. DE C.V., (en adelante referido como AIDE), con domicilio ubicado en la calle Mariano Matamoros No. 323, Colonia La Joya, Delegaci\u00f3n Tlalpan, Ciudad de M\u00e9xico, C.P. 14000, es responsable de recabar sus datos personales, as\u00ed como del uso, tratamiento y protecci\u00f3n de los mismos. Lo anterior con fundamento en [&hellip;]<\/p>\n","protected":false},"author":1,"featured_media":0,"parent":0,"menu_order":0,"comment_status":"closed","ping_status":"closed","template":"","meta":{"inline_featured_image":false,"footnotes":""},"class_list":["post-124","page","type-page","status-publish","hentry"],"_links":{"self":[{"href":"https:\/\/accionaingenieria.com.mx\/index.php\/wp-json\/wp\/v2\/pages\/124","targetHints":{"allow":["GET"]}}],"collection":[{"href":"https:\/\/accionaingenieria.com.mx\/index.php\/wp-json\/wp\/v2\/pages"}],"about":[{"href":"https:\/\/accionaingenieria.com.mx\/index.php\/wp-json\/wp\/v2\/types\/page"}],"author":[{"embeddable":true,"href":"https:\/\/accionaingenieria.com.mx\/index.php\/wp-json\/wp\/v2\/users\/1"}],"replies":[{"embeddable":true,"href":"https:\/\/accionaingenieria.com.mx\/index.php\/wp-json\/wp\/v2\/comments?post=124"}],"version-history":[{"count":4,"href":"https:\/\/accionaingenieria.com.mx\/index.php\/wp-json\/wp\/v2\/pages\/124\/revisions"}],"predecessor-version":[{"id":128,"href":"https:\/\/accionaingenieria.com.mx\/index.php\/wp-json\/wp\/v2\/pages\/124\/revisions\/128"}],"wp:attachment":[{"href":"https:\/\/accionaingenieria.com.mx\/index.php\/wp-json\/wp\/v2\/media?parent=124"}],"curies":[{"name":"wp","href":"https:\/\/api.w.org\/{rel}","templated":true}]}}