{"id":135,"date":"2026-02-18T16:59:43","date_gmt":"2026-02-18T16:59:43","guid":{"rendered":"https:\/\/accionaingenieria.com.mx\/?page_id=135"},"modified":"2026-02-18T17:34:46","modified_gmt":"2026-02-18T17:34:46","slug":"mision-y-vision","status":"publish","type":"page","link":"https:\/\/accionaingenieria.com.mx\/index.php\/mision-y-vision\/","title":{"rendered":"Misi\u00f3n y visi\u00f3n"},"content":{"rendered":"\t\t<div data-elementor-type=\"wp-page\" data-elementor-id=\"135\" class=\"elementor elementor-135\" data-elementor-post-type=\"page\">\n\t\t\t\t<div class=\"elementor-element elementor-element-7ae4fe2 e-flex e-con-boxed e-con e-parent\" data-id=\"7ae4fe2\" data-element_type=\"container\" data-e-type=\"container\" data-settings=\"{&quot;background_background&quot;:&quot;classic&quot;}\">\n\t\t\t\t\t<div class=\"e-con-inner\">\n\t\t<div class=\"elementor-element elementor-element-2be49d7 e-con-full e-flex e-con e-child\" data-id=\"2be49d7\" data-element_type=\"container\" data-e-type=\"container\">\n\t\t<div class=\"elementor-element elementor-element-721f05d e-con-full e-flex e-con e-child\" data-id=\"721f05d\" data-element_type=\"container\" data-e-type=\"container\">\n\t\t\t\t<div class=\"elementor-element elementor-element-94b1b41 elementor-widget elementor-widget-heading\" data-id=\"94b1b41\" data-element_type=\"widget\" data-e-type=\"widget\" data-widget_type=\"heading.default\">\n\t\t\t\t\t<h2 class=\"elementor-heading-title elementor-size-default\">\u00a1Soluciones<br>\nInteligentes! <\/h2>\t\t\t\t<\/div>\n\t\t\t\t<\/div>\n\t\t<div class=\"elementor-element elementor-element-6d06ef6 e-con-full e-flex e-con e-child\" data-id=\"6d06ef6\" data-element_type=\"container\" data-e-type=\"container\">\n\t\t<div class=\"elementor-element elementor-element-58c5032 e-con-full e-flex e-con e-child\" data-id=\"58c5032\" data-element_type=\"container\" data-e-type=\"container\">\n\t\t\t\t<div class=\"elementor-element elementor-element-23cc36a elementor-widget elementor-widget-image\" data-id=\"23cc36a\" data-element_type=\"widget\" data-e-type=\"widget\" data-widget_type=\"image.default\">\n\t\t\t\t\t\t\t\t\t\t\t\t\t\t\t<img decoding=\"async\" width=\"214\" height=\"188\" src=\"https:\/\/accionaingenieria.com.mx\/wp-content\/uploads\/2026\/02\/objects09-32.png\" class=\"attachment-large size-large wp-image-158\" alt=\"\" \/>\t\t\t\t\t\t\t\t\t\t\t\t\t\t\t<\/div>\n\t\t\t\t<div class=\"elementor-element elementor-element-dd199e3 elementor-widget elementor-widget-heading\" data-id=\"dd199e3\" data-element_type=\"widget\" data-e-type=\"widget\" data-widget_type=\"heading.default\">\n\t\t\t\t\t<h2 class=\"elementor-heading-title elementor-size-default\">Misi\u00f3n<\/h2>\t\t\t\t<\/div>\n\t\t\t\t<div class=\"elementor-element elementor-element-127f964 elementor-widget elementor-widget-heading\" data-id=\"127f964\" data-element_type=\"widget\" data-e-type=\"widget\" data-widget_type=\"heading.default\">\n\t\t\t\t\t<h2 class=\"elementor-heading-title elementor-size-default\">Proveer a nuestros clientes soluciones integrales en el \u00e1mbito de los Sistemas Carreteros, Sistemas Inteligentes de Transporte, Control de Accesos y Sistemas de Seguridad de acuerdo a sus necesidades, con la mejor tecnolog\u00eda y un servicio de calidad para contribuir en el crecimiento y rentabilidad de su negocio.<\/h2>\t\t\t\t<\/div>\n\t\t\t\t<\/div>\n\t\t<div class=\"elementor-element elementor-element-5e6beeb e-con-full e-flex e-con e-child\" data-id=\"5e6beeb\" data-element_type=\"container\" data-e-type=\"container\">\n\t\t\t\t<div class=\"elementor-element elementor-element-c73a4ee elementor-widget elementor-widget-image\" data-id=\"c73a4ee\" data-element_type=\"widget\" data-e-type=\"widget\" data-widget_type=\"image.default\">\n\t\t\t\t\t\t\t\t\t\t\t\t\t\t\t<img decoding=\"async\" width=\"174\" height=\"177\" src=\"https:\/\/accionaingenieria.com.mx\/wp-content\/uploads\/2026\/02\/objects09-33.png\" class=\"attachment-large size-large wp-image-157\" alt=\"\" \/>\t\t\t\t\t\t\t\t\t\t\t\t\t\t\t<\/div>\n\t\t\t\t<div class=\"elementor-element elementor-element-1d57b07 elementor-widget elementor-widget-heading\" data-id=\"1d57b07\" data-element_type=\"widget\" data-e-type=\"widget\" data-widget_type=\"heading.default\">\n\t\t\t\t\t<h2 class=\"elementor-heading-title elementor-size-default\">Visi\u00f3n<\/h2>\t\t\t\t<\/div>\n\t\t\t\t<div class=\"elementor-element elementor-element-dcc9c71 elementor-widget elementor-widget-heading\" data-id=\"dcc9c71\" data-element_type=\"widget\" data-e-type=\"widget\" data-widget_type=\"heading.default\">\n\t\t\t\t\t<h2 class=\"elementor-heading-title elementor-size-default\">Ser una compa\u00f1\u00eda l\u00edder en el sector de transporte con Sistemas integrales de peaje, Telepeaje y Sistemas Inteligentes de Transporte, adicionalmente crear una sinergia para el Control de Acceso y Sistemas de Seguridad relacionados con el transporte, integrando los mejores equipos que se encuentren en el merca- do, aprovechando las caracter\u00edsticas de precio-calidad para beneficio de nuestros clientes.<\/h2>\t\t\t\t<\/div>\n\t\t\t\t<\/div>\n\t\t<div class=\"elementor-element elementor-element-0580d18 e-con-full e-flex e-con e-child\" data-id=\"0580d18\" data-element_type=\"container\" data-e-type=\"container\">\n\t\t\t\t<div class=\"elementor-element elementor-element-0a3c3d1 elementor-widget elementor-widget-image\" data-id=\"0a3c3d1\" data-element_type=\"widget\" data-e-type=\"widget\" data-widget_type=\"image.default\">\n\t\t\t\t\t\t\t\t\t\t\t\t\t\t\t<img fetchpriority=\"high\" decoding=\"async\" width=\"400\" height=\"400\" src=\"https:\/\/accionaingenieria.com.mx\/wp-content\/uploads\/2026\/02\/politica.png\" class=\"attachment-large size-large wp-image-167\" alt=\"\" srcset=\"https:\/\/accionaingenieria.com.mx\/wp-content\/uploads\/2026\/02\/politica.png 400w, https:\/\/accionaingenieria.com.mx\/wp-content\/uploads\/2026\/02\/politica-300x300.png 300w, https:\/\/accionaingenieria.com.mx\/wp-content\/uploads\/2026\/02\/politica-150x150.png 150w\" sizes=\"(max-width: 400px) 100vw, 400px\" \/>\t\t\t\t\t\t\t\t\t\t\t\t\t\t\t<\/div>\n\t\t\t\t<div class=\"elementor-element elementor-element-20ae136 elementor-widget elementor-widget-heading\" data-id=\"20ae136\" data-element_type=\"widget\" data-e-type=\"widget\" data-widget_type=\"heading.default\">\n\t\t\t\t\t<h2 class=\"elementor-heading-title elementor-size-default\">Pol\u00edtica<\/h2>\t\t\t\t<\/div>\n\t\t\t\t<div class=\"elementor-element elementor-element-adea311 elementor-widget elementor-widget-heading\" data-id=\"adea311\" data-element_type=\"widget\" data-e-type=\"widget\" data-widget_type=\"heading.default\">\n\t\t\t\t\t<h2 class=\"elementor-heading-title elementor-size-default\">ACCIONA INGENIER\u00cdA Y DESARROLLO EMPRESARIAL se basa en un modelo de negocio sostenible y responsable a trav\u00e9s de los valores de respeto, integridad, honradez, lealtad y transparencia, generando valor a todos nuestros clientes, comunidad y personal interno.\n<br>\nComprometidos con cumplimiento de las normas y reglamentos aplicables en la materia y la mejora del sistema de gesti\u00f3n.<\/h2>\t\t\t\t<\/div>\n\t\t\t\t<\/div>\n\t\t\t\t<\/div>\n\t\t\t\t<\/div>\n\t\t\t\t\t<\/div>\n\t\t\t\t<\/div>\n\t\t\t\t<\/div>\n\t\t","protected":false},"excerpt":{"rendered":"<p>\u00a1Soluciones Inteligentes! Misi\u00f3n Proveer a nuestros clientes soluciones integrales en el \u00e1mbito de los Sistemas Carreteros, Sistemas Inteligentes de Transporte, Control de Accesos y Sistemas de Seguridad de acuerdo a sus necesidades, con la mejor tecnolog\u00eda y un servicio de calidad para contribuir en el crecimiento y rentabilidad de su negocio. Visi\u00f3n Ser una compa\u00f1\u00eda [&hellip;]<\/p>\n","protected":false},"author":1,"featured_media":0,"parent":0,"menu_order":0,"comment_status":"closed","ping_status":"closed","template":"","meta":{"inline_featured_image":false,"footnotes":""},"class_list":["post-135","page","type-page","status-publish","hentry"],"_links":{"self":[{"href":"https:\/\/accionaingenieria.com.mx\/index.php\/wp-json\/wp\/v2\/pages\/135","targetHints":{"allow":["GET"]}}],"collection":[{"href":"https:\/\/accionaingenieria.com.mx\/index.php\/wp-json\/wp\/v2\/pages"}],"about":[{"href":"https:\/\/accionaingenieria.com.mx\/index.php\/wp-json\/wp\/v2\/types\/page"}],"author":[{"embeddable":true,"href":"https:\/\/accionaingenieria.com.mx\/index.php\/wp-json\/wp\/v2\/users\/1"}],"replies":[{"embeddable":true,"href":"https:\/\/accionaingenieria.com.mx\/index.php\/wp-json\/wp\/v2\/comments?post=135"}],"version-history":[{"count":19,"href":"https:\/\/accionaingenieria.com.mx\/index.php\/wp-json\/wp\/v2\/pages\/135\/revisions"}],"predecessor-version":[{"id":179,"href":"https:\/\/accionaingenieria.com.mx\/index.php\/wp-json\/wp\/v2\/pages\/135\/revisions\/179"}],"wp:attachment":[{"href":"https:\/\/accionaingenieria.com.mx\/index.php\/wp-json\/wp\/v2\/media?parent=135"}],"curies":[{"name":"wp","href":"https:\/\/api.w.org\/{rel}","templated":true}]}}