{"id":270,"date":"2026-02-18T19:24:56","date_gmt":"2026-02-18T19:24:56","guid":{"rendered":"https:\/\/accionaingenieria.com.mx\/?page_id=270"},"modified":"2026-02-23T01:55:13","modified_gmt":"2026-02-23T01:55:13","slug":"seguridad","status":"publish","type":"page","link":"https:\/\/accionaingenieria.com.mx\/index.php\/seguridad\/","title":{"rendered":"Seguridad"},"content":{"rendered":"\t\t<div data-elementor-type=\"wp-page\" data-elementor-id=\"270\" class=\"elementor elementor-270\" data-elementor-post-type=\"page\">\n\t\t\t\t<div class=\"elementor-element elementor-element-a381659 e-flex e-con-boxed e-con e-parent\" data-id=\"a381659\" data-element_type=\"container\" data-e-type=\"container\" data-settings=\"{&quot;background_background&quot;:&quot;classic&quot;}\">\n\t\t\t\t\t<div class=\"e-con-inner\">\n\t\t<div class=\"elementor-element elementor-element-c391157 e-con-full e-flex e-con e-child\" data-id=\"c391157\" data-element_type=\"container\" data-e-type=\"container\">\n\t\t<div class=\"elementor-element elementor-element-09eb0c5 e-con-full e-flex e-con e-child\" data-id=\"09eb0c5\" data-element_type=\"container\" data-e-type=\"container\">\n\t\t\t\t<div class=\"elementor-element elementor-element-5fd6b22 elementor-widget elementor-widget-heading\" data-id=\"5fd6b22\" data-element_type=\"widget\" data-e-type=\"widget\" data-widget_type=\"heading.default\">\n\t\t\t\t\t<h2 class=\"elementor-heading-title elementor-size-default\">SEGURIDAD\n<\/h2>\t\t\t\t<\/div>\n\t\t\t\t<div class=\"elementor-element elementor-element-6490942 elementor-widget elementor-widget-text-editor\" data-id=\"6490942\" data-element_type=\"widget\" data-e-type=\"widget\" data-widget_type=\"text-editor.default\">\n\t\t\t\t\t\t\t\t\t<p>Ofrecemos soluciones enfocadas a la seguridad, desde un circuito cerrado de vigilancia hasta un sistema complejo de monitoreo continuo de bienes (veh\u00edculos, personas, animales, productos varios, etc). Por otro lado ofrecemos soluciones espec\u00edficamente enfocadas al control vehicular tales como c\u00e1maras de vigilancia nivel calle, c\u00e1maras de control de velocidad para el sistema de infracciones de la ciudad, entre otros.<\/p>\t\t\t\t\t\t\t\t<\/div>\n\t\t\t\t<\/div>\n\t\t<div class=\"elementor-element elementor-element-c03bcbc e-con-full e-flex e-con e-child\" data-id=\"c03bcbc\" data-element_type=\"container\" data-e-type=\"container\">\n\t\t\t\t<\/div>\n\t\t\t\t<\/div>\n\t\t<div class=\"elementor-element elementor-element-1361b2b e-con-full e-flex e-con e-child\" data-id=\"1361b2b\" data-element_type=\"container\" data-e-type=\"container\">\n\t\t<div class=\"elementor-element elementor-element-3325843 e-con-full e-flex e-con e-child\" data-id=\"3325843\" data-element_type=\"container\" data-e-type=\"container\">\n\t\t\t\t<div class=\"elementor-element elementor-element-612e048 elementor-widget elementor-widget-heading\" data-id=\"612e048\" data-element_type=\"widget\" data-e-type=\"widget\" data-widget_type=\"heading.default\">\n\t\t\t\t\t<h2 class=\"elementor-heading-title elementor-size-default\">C\u00c1MARAS DE VIGILANCIA<\/h2>\t\t\t\t<\/div>\n\t\t\t\t<div class=\"elementor-element elementor-element-308a31f elementor-widget elementor-widget-text-editor\" data-id=\"308a31f\" data-element_type=\"widget\" data-e-type=\"widget\" data-widget_type=\"text-editor.default\">\n\t\t\t\t\t\t\t\t\t<p>Proporcionamos sistemas de circuito cerrado para el aseguramiento de lugares, y el monitoreo en tempo real en \u00e1reas concurridas durante el d\u00eda y la noche (contamos con sistema de Visi\u00f3n Nocturna).<\/p><p>Nuestro sistema puede ser conectado a un sistema central de ayuda (polic\u00eda, bomberos, ambulancias, etc.) permitiendo as\u00ed una respuesta inmediata ante cualquier situaci\u00f3n.<\/p>\t\t\t\t\t\t\t\t<\/div>\n\t\t\t\t<\/div>\n\t\t<div class=\"elementor-element elementor-element-2ae317c e-con-full e-flex e-con e-child\" data-id=\"2ae317c\" data-element_type=\"container\" data-e-type=\"container\">\n\t\t\t\t<\/div>\n\t\t\t\t<\/div>\n\t\t\t\t\t<\/div>\n\t\t\t\t<\/div>\n\t\t<div class=\"elementor-element elementor-element-fdb77a2 e-flex e-con-boxed e-con e-parent\" data-id=\"fdb77a2\" data-element_type=\"container\" data-e-type=\"container\" data-settings=\"{&quot;background_background&quot;:&quot;classic&quot;}\">\n\t\t\t\t\t<div class=\"e-con-inner\">\n\t\t<div class=\"elementor-element elementor-element-982fd85 e-con-full e-flex e-con e-child\" data-id=\"982fd85\" data-element_type=\"container\" data-e-type=\"container\">\n\t\t<div class=\"elementor-element elementor-element-705fe0d e-con-full e-flex e-con e-child\" data-id=\"705fe0d\" data-element_type=\"container\" data-e-type=\"container\">\n\t\t\t\t<\/div>\n\t\t<div class=\"elementor-element elementor-element-c21125b e-con-full e-flex e-con e-child\" data-id=\"c21125b\" data-element_type=\"container\" data-e-type=\"container\">\n\t\t\t\t<div class=\"elementor-element elementor-element-522412c elementor-widget elementor-widget-heading\" data-id=\"522412c\" data-element_type=\"widget\" data-e-type=\"widget\" data-widget_type=\"heading.default\">\n\t\t\t\t\t<h2 class=\"elementor-heading-title elementor-size-default\">C\u00c1MARAS DE VELOCIDAD<\/h2>\t\t\t\t<\/div>\n\t\t\t\t<div class=\"elementor-element elementor-element-0ef6a1b elementor-widget elementor-widget-text-editor\" data-id=\"0ef6a1b\" data-element_type=\"widget\" data-e-type=\"widget\" data-widget_type=\"text-editor.default\">\n\t\t\t\t\t\t\t\t\t<p>C\u00f3mo una medida de seguridad vehicular dentro de las grandes ciudades, sa han implementado sistema de seguridad para el control de velocidad en las v\u00edas r\u00e1pidas, esto con el fin de contrarrestar el alto \u00edndice de accidentes viales que se registan diariamente.<\/p><p>Se han establecido los lineamientos para la correcta toma de velocidad y placa, as\u00ed como la implementaci\u00f3n de un sistema de bases de datos el cual permite se tenga la informaci\u00f3n de todas las placas existentes y poder hacer una correlaci\u00f3n entre Placa\/Velocidad y datos del veh\u00edculo bajo esa placa para la elaboraci\u00f3n de la infracci\u00f3n.<\/p>\t\t\t\t\t\t\t\t<\/div>\n\t\t\t\t<\/div>\n\t\t\t\t<\/div>\n\t\t\t\t\t<\/div>\n\t\t\t\t<\/div>\n\t\t\t\t<\/div>\n\t\t","protected":false},"excerpt":{"rendered":"<p>SEGURIDAD Ofrecemos soluciones enfocadas a la seguridad, desde un circuito cerrado de vigilancia hasta un sistema complejo de monitoreo continuo de bienes (veh\u00edculos, personas, animales, productos varios, etc). Por otro lado ofrecemos soluciones espec\u00edficamente enfocadas al control vehicular tales como c\u00e1maras de vigilancia nivel calle, c\u00e1maras de control de velocidad para el sistema de infracciones [&hellip;]<\/p>\n","protected":false},"author":1,"featured_media":0,"parent":0,"menu_order":0,"comment_status":"closed","ping_status":"closed","template":"","meta":{"inline_featured_image":false,"footnotes":""},"class_list":["post-270","page","type-page","status-publish","hentry"],"_links":{"self":[{"href":"https:\/\/accionaingenieria.com.mx\/index.php\/wp-json\/wp\/v2\/pages\/270","targetHints":{"allow":["GET"]}}],"collection":[{"href":"https:\/\/accionaingenieria.com.mx\/index.php\/wp-json\/wp\/v2\/pages"}],"about":[{"href":"https:\/\/accionaingenieria.com.mx\/index.php\/wp-json\/wp\/v2\/types\/page"}],"author":[{"embeddable":true,"href":"https:\/\/accionaingenieria.com.mx\/index.php\/wp-json\/wp\/v2\/users\/1"}],"replies":[{"embeddable":true,"href":"https:\/\/accionaingenieria.com.mx\/index.php\/wp-json\/wp\/v2\/comments?post=270"}],"version-history":[{"count":25,"href":"https:\/\/accionaingenieria.com.mx\/index.php\/wp-json\/wp\/v2\/pages\/270\/revisions"}],"predecessor-version":[{"id":463,"href":"https:\/\/accionaingenieria.com.mx\/index.php\/wp-json\/wp\/v2\/pages\/270\/revisions\/463"}],"wp:attachment":[{"href":"https:\/\/accionaingenieria.com.mx\/index.php\/wp-json\/wp\/v2\/media?parent=270"}],"curies":[{"name":"wp","href":"https:\/\/api.w.org\/{rel}","templated":true}]}}