{"id":272,"date":"2026-02-18T19:25:13","date_gmt":"2026-02-18T19:25:13","guid":{"rendered":"https:\/\/accionaingenieria.com.mx\/?page_id=272"},"modified":"2026-02-23T02:10:56","modified_gmt":"2026-02-23T02:10:56","slug":"control-de-accesos","status":"publish","type":"page","link":"https:\/\/accionaingenieria.com.mx\/index.php\/control-de-accesos\/","title":{"rendered":"Control de accesos"},"content":{"rendered":"\t\t<div data-elementor-type=\"wp-page\" data-elementor-id=\"272\" class=\"elementor elementor-272\" data-elementor-post-type=\"page\">\n\t\t\t\t<div class=\"elementor-element elementor-element-922b427 e-flex e-con-boxed e-con e-parent\" data-id=\"922b427\" data-element_type=\"container\" data-e-type=\"container\" data-settings=\"{&quot;background_background&quot;:&quot;classic&quot;}\">\n\t\t\t\t\t<div class=\"e-con-inner\">\n\t\t\t\t<div class=\"elementor-element elementor-element-6112d27 elementor-widget elementor-widget-heading\" data-id=\"6112d27\" data-element_type=\"widget\" data-e-type=\"widget\" data-widget_type=\"heading.default\">\n\t\t\t\t\t<h2 class=\"elementor-heading-title elementor-size-default\">ACCESOS PEATONALES<\/h2>\t\t\t\t<\/div>\n\t\t\t\t<div class=\"elementor-element elementor-element-3633b35 elementor-widget__width-initial elementor-widget elementor-widget-text-editor\" data-id=\"3633b35\" data-element_type=\"widget\" data-e-type=\"widget\" data-widget_type=\"text-editor.default\">\n\t\t\t\t\t\t\t\t\tOfrecemos soluciones para el control de accesos del personal, desde un sistema b\u00e1sico de torniquete-tag, hasta un sistema avanzado de biometr\u00eda (reconocimiento mediante la huella dactilar, iris, etc.), teniendo en cuenta que dicha informaci\u00f3n obtenida de cada individuo tiene que ser resguardada de manera segura para evitar cualquier robo de identidad y cumplir con los derechos de privacidad de cada uno de ellos.\t\t\t\t\t\t\t\t<\/div>\n\t\t<div class=\"elementor-element elementor-element-ddb9340 e-con-full e-flex e-con e-child\" data-id=\"ddb9340\" data-element_type=\"container\" data-e-type=\"container\">\n\t\t<div class=\"elementor-element elementor-element-eebe876 e-con-full e-flex e-con e-child\" data-id=\"eebe876\" data-element_type=\"container\" data-e-type=\"container\">\n\t\t\t\t<div class=\"elementor-element elementor-element-fab9441 elementor-widget elementor-widget-image\" data-id=\"fab9441\" data-element_type=\"widget\" data-e-type=\"widget\" data-widget_type=\"image.default\">\n\t\t\t\t\t\t\t\t\t\t\t\t\t\t\t<img decoding=\"async\" width=\"144\" height=\"89\" src=\"https:\/\/accionaingenieria.com.mx\/wp-content\/uploads\/2026\/02\/objects04-01.png\" class=\"attachment-large size-large wp-image-471\" alt=\"\" \/>\t\t\t\t\t\t\t\t\t\t\t\t\t\t\t<\/div>\n\t\t\t\t<\/div>\n\t\t<div class=\"elementor-element elementor-element-3abd788 e-con-full e-flex e-con e-child\" data-id=\"3abd788\" data-element_type=\"container\" data-e-type=\"container\">\n\t\t\t\t<div class=\"elementor-element elementor-element-c18a73b elementor-widget elementor-widget-image\" data-id=\"c18a73b\" data-element_type=\"widget\" data-e-type=\"widget\" data-widget_type=\"image.default\">\n\t\t\t\t\t\t\t\t\t\t\t\t\t\t\t<img decoding=\"async\" width=\"133\" height=\"95\" src=\"https:\/\/accionaingenieria.com.mx\/wp-content\/uploads\/2026\/02\/objects04-02.png\" class=\"attachment-large size-large wp-image-470\" alt=\"\" \/>\t\t\t\t\t\t\t\t\t\t\t\t\t\t\t<\/div>\n\t\t\t\t<\/div>\n\t\t<div class=\"elementor-element elementor-element-3f4f2eb e-con-full e-flex e-con e-child\" data-id=\"3f4f2eb\" data-element_type=\"container\" data-e-type=\"container\">\n\t\t\t\t<div class=\"elementor-element elementor-element-1ad5bb6 elementor-widget elementor-widget-image\" data-id=\"1ad5bb6\" data-element_type=\"widget\" data-e-type=\"widget\" data-widget_type=\"image.default\">\n\t\t\t\t\t\t\t\t\t\t\t\t\t\t\t<img decoding=\"async\" width=\"204\" height=\"84\" src=\"https:\/\/accionaingenieria.com.mx\/wp-content\/uploads\/2026\/02\/objects04-03.png\" class=\"attachment-large size-large wp-image-473\" alt=\"\" \/>\t\t\t\t\t\t\t\t\t\t\t\t\t\t\t<\/div>\n\t\t\t\t<\/div>\n\t\t\t\t<\/div>\n\t\t\t\t\t<\/div>\n\t\t\t\t<\/div>\n\t\t<div class=\"elementor-element elementor-element-6e127f6 e-flex e-con-boxed e-con e-parent\" data-id=\"6e127f6\" data-element_type=\"container\" data-e-type=\"container\" data-settings=\"{&quot;background_background&quot;:&quot;classic&quot;}\">\n\t\t\t\t\t<div class=\"e-con-inner\">\n\t\t\t\t<div class=\"elementor-element elementor-element-8be32a0 elementor-widget elementor-widget-heading\" data-id=\"8be32a0\" data-element_type=\"widget\" data-e-type=\"widget\" data-widget_type=\"heading.default\">\n\t\t\t\t\t<h2 class=\"elementor-heading-title elementor-size-default\">ACCESOS PEATONALES<\/h2>\t\t\t\t<\/div>\n\t\t\t\t<div class=\"elementor-element elementor-element-87ac6af elementor-widget__width-initial elementor-widget elementor-widget-text-editor\" data-id=\"87ac6af\" data-element_type=\"widget\" data-e-type=\"widget\" data-widget_type=\"text-editor.default\">\n\t\t\t\t\t\t\t\t\tDe igual manera tenemos alternativas para el control de accesos de veh\u00edculos (terrestres, mar\u00edtimos, ferroviarios, entre otros). Contamos con soluciones que se van dise\u00f1ando de acuerdo a las necesidades de cada cliente y pueden ser escalables por si por alg\u00fan motivo los requerimientos del cliente cambian. Por ejemplo:\t\t\t\t\t\t\t\t<\/div>\n\t\t<div class=\"elementor-element elementor-element-5f1ca91 e-con-full e-flex e-con e-child\" data-id=\"5f1ca91\" data-element_type=\"container\" data-e-type=\"container\">\n\t\t<div class=\"elementor-element elementor-element-ab1e4e6 e-con-full e-flex e-con e-child\" data-id=\"ab1e4e6\" data-element_type=\"container\" data-e-type=\"container\">\n\t\t\t\t<div class=\"elementor-element elementor-element-f7d6e20 elementor-widget elementor-widget-image\" data-id=\"f7d6e20\" data-element_type=\"widget\" data-e-type=\"widget\" data-widget_type=\"image.default\">\n\t\t\t\t\t\t\t\t\t\t\t\t\t\t\t<img loading=\"lazy\" decoding=\"async\" width=\"153\" height=\"128\" src=\"https:\/\/accionaingenieria.com.mx\/wp-content\/uploads\/2026\/02\/publicos-privados.png\" class=\"attachment-large size-large wp-image-468\" alt=\"\" \/>\t\t\t\t\t\t\t\t\t\t\t\t\t\t\t<\/div>\n\t\t\t\t<div class=\"elementor-element elementor-element-1b16605 elementor-widget elementor-widget-heading\" data-id=\"1b16605\" data-element_type=\"widget\" data-e-type=\"widget\" data-widget_type=\"heading.default\">\n\t\t\t\t\t<h2 class=\"elementor-heading-title elementor-size-default\">Acceso a Estacionamientos P\u00fablicos o privados.<\/h2>\t\t\t\t<\/div>\n\t\t\t\t<\/div>\n\t\t<div class=\"elementor-element elementor-element-dedf9f9 e-con-full e-flex e-con e-child\" data-id=\"dedf9f9\" data-element_type=\"container\" data-e-type=\"container\">\n\t\t\t\t<div class=\"elementor-element elementor-element-9205b4f elementor-widget elementor-widget-image\" data-id=\"9205b4f\" data-element_type=\"widget\" data-e-type=\"widget\" data-widget_type=\"image.default\">\n\t\t\t\t\t\t\t\t\t\t\t\t\t\t\t<img loading=\"lazy\" decoding=\"async\" width=\"157\" height=\"124\" src=\"https:\/\/accionaingenieria.com.mx\/wp-content\/uploads\/2026\/02\/objects04-06.png\" class=\"attachment-large size-large wp-image-467\" alt=\"\" \/>\t\t\t\t\t\t\t\t\t\t\t\t\t\t\t<\/div>\n\t\t\t\t<div class=\"elementor-element elementor-element-388e7a7 elementor-widget elementor-widget-heading\" data-id=\"388e7a7\" data-element_type=\"widget\" data-e-type=\"widget\" data-widget_type=\"heading.default\">\n\t\t\t\t\t<h2 class=\"elementor-heading-title elementor-size-default\">Acceso a fraccionamientos, casas horizontales, etc.<\/h2>\t\t\t\t<\/div>\n\t\t\t\t<\/div>\n\t\t<div class=\"elementor-element elementor-element-0dc96fa e-con-full e-flex e-con e-child\" data-id=\"0dc96fa\" data-element_type=\"container\" data-e-type=\"container\">\n\t\t\t\t<div class=\"elementor-element elementor-element-9b0f77f elementor-widget elementor-widget-image\" data-id=\"9b0f77f\" data-element_type=\"widget\" data-e-type=\"widget\" data-widget_type=\"image.default\">\n\t\t\t\t\t\t\t\t\t\t\t\t\t\t\t<img loading=\"lazy\" decoding=\"async\" width=\"87\" height=\"141\" src=\"https:\/\/accionaingenieria.com.mx\/wp-content\/uploads\/2026\/02\/objects04-05.png\" class=\"attachment-large size-large wp-image-469\" alt=\"\" \/>\t\t\t\t\t\t\t\t\t\t\t\t\t\t\t<\/div>\n\t\t\t\t<div class=\"elementor-element elementor-element-3158fee elementor-widget elementor-widget-heading\" data-id=\"3158fee\" data-element_type=\"widget\" data-e-type=\"widget\" data-widget_type=\"heading.default\">\n\t\t\t\t\t<h2 class=\"elementor-heading-title elementor-size-default\">Accesos a lugares restringidos<\/h2>\t\t\t\t<\/div>\n\t\t\t\t<\/div>\n\t\t<div class=\"elementor-element elementor-element-9389f08 e-con-full e-flex e-con e-child\" data-id=\"9389f08\" data-element_type=\"container\" data-e-type=\"container\">\n\t\t\t\t<div class=\"elementor-element elementor-element-b19b3d3 elementor-widget elementor-widget-image\" data-id=\"b19b3d3\" data-element_type=\"widget\" data-e-type=\"widget\" data-widget_type=\"image.default\">\n\t\t\t\t\t\t\t\t\t\t\t\t\t\t\t<img loading=\"lazy\" decoding=\"async\" width=\"115\" height=\"144\" src=\"https:\/\/accionaingenieria.com.mx\/wp-content\/uploads\/2026\/02\/objects04-04.png\" class=\"attachment-large size-large wp-image-472\" alt=\"\" \/>\t\t\t\t\t\t\t\t\t\t\t\t\t\t\t<\/div>\n\t\t\t\t<div class=\"elementor-element elementor-element-e291780 elementor-widget elementor-widget-heading\" data-id=\"e291780\" data-element_type=\"widget\" data-e-type=\"widget\" data-widget_type=\"heading.default\">\n\t\t\t\t\t<h2 class=\"elementor-heading-title elementor-size-default\">Soluciones a nivel mar\u00edtimo, trenes, etc.<\/h2>\t\t\t\t<\/div>\n\t\t\t\t<\/div>\n\t\t\t\t<\/div>\n\t\t\t\t\t<\/div>\n\t\t\t\t<\/div>\n\t\t\t\t<\/div>\n\t\t","protected":false},"excerpt":{"rendered":"<p>ACCESOS PEATONALES Ofrecemos soluciones para el control de accesos del personal, desde un sistema b\u00e1sico de torniquete-tag, hasta un sistema avanzado de biometr\u00eda (reconocimiento mediante la huella dactilar, iris, etc.), teniendo en cuenta que dicha informaci\u00f3n obtenida de cada individuo tiene que ser resguardada de manera segura para evitar cualquier robo de identidad y cumplir [&hellip;]<\/p>\n","protected":false},"author":1,"featured_media":0,"parent":0,"menu_order":0,"comment_status":"closed","ping_status":"closed","template":"","meta":{"inline_featured_image":false,"footnotes":""},"class_list":["post-272","page","type-page","status-publish","hentry"],"_links":{"self":[{"href":"https:\/\/accionaingenieria.com.mx\/index.php\/wp-json\/wp\/v2\/pages\/272","targetHints":{"allow":["GET"]}}],"collection":[{"href":"https:\/\/accionaingenieria.com.mx\/index.php\/wp-json\/wp\/v2\/pages"}],"about":[{"href":"https:\/\/accionaingenieria.com.mx\/index.php\/wp-json\/wp\/v2\/types\/page"}],"author":[{"embeddable":true,"href":"https:\/\/accionaingenieria.com.mx\/index.php\/wp-json\/wp\/v2\/users\/1"}],"replies":[{"embeddable":true,"href":"https:\/\/accionaingenieria.com.mx\/index.php\/wp-json\/wp\/v2\/comments?post=272"}],"version-history":[{"count":10,"href":"https:\/\/accionaingenieria.com.mx\/index.php\/wp-json\/wp\/v2\/pages\/272\/revisions"}],"predecessor-version":[{"id":481,"href":"https:\/\/accionaingenieria.com.mx\/index.php\/wp-json\/wp\/v2\/pages\/272\/revisions\/481"}],"wp:attachment":[{"href":"https:\/\/accionaingenieria.com.mx\/index.php\/wp-json\/wp\/v2\/media?parent=272"}],"curies":[{"name":"wp","href":"https:\/\/api.w.org\/{rel}","templated":true}]}}