{"id":8,"date":"2026-02-16T23:58:00","date_gmt":"2026-02-16T23:58:00","guid":{"rendered":"https:\/\/accionaingenieria.com.mx\/?page_id=8"},"modified":"2026-03-19T19:12:15","modified_gmt":"2026-03-19T19:12:15","slug":"inicio","status":"publish","type":"page","link":"https:\/\/accionaingenieria.com.mx\/","title":{"rendered":"Inicio"},"content":{"rendered":"\t\t<div data-elementor-type=\"wp-page\" data-elementor-id=\"8\" class=\"elementor elementor-8\" data-elementor-post-type=\"page\">\n\t\t\t\t<div class=\"elementor-element elementor-element-924c2c4 e-con-full e-flex e-con e-parent\" data-id=\"924c2c4\" data-element_type=\"container\" data-e-type=\"container\" data-settings=\"{&quot;background_background&quot;:&quot;classic&quot;}\">\n\t\t\t\t<div class=\"elementor-element elementor-element-723304e elementor--h-position-center elementor--v-position-middle elementor-arrows-position-inside elementor-pagination-position-inside elementor-widget elementor-widget-slides\" data-id=\"723304e\" data-element_type=\"widget\" data-e-type=\"widget\" data-settings=\"{&quot;navigation&quot;:&quot;both&quot;,&quot;autoplay&quot;:&quot;yes&quot;,&quot;pause_on_hover&quot;:&quot;yes&quot;,&quot;pause_on_interaction&quot;:&quot;yes&quot;,&quot;autoplay_speed&quot;:5000,&quot;infinite&quot;:&quot;yes&quot;,&quot;transition&quot;:&quot;slide&quot;,&quot;transition_speed&quot;:500}\" data-widget_type=\"slides.default\">\n\t\t\t\t\t\t\t\t\t\t<div class=\"elementor-slides-wrapper elementor-main-swiper swiper\" role=\"region\" aria-roledescription=\"carousel\" aria-label=\"Slides\" dir=\"ltr\" data-animation=\"fadeInUp\">\n\t\t\t\t<div class=\"swiper-wrapper elementor-slides\">\n\t\t\t\t\t\t\t\t\t\t<div class=\"elementor-repeater-item-d0be824 swiper-slide\" role=\"group\" aria-roledescription=\"slide\"><div class=\"swiper-slide-bg\" role=\"img\" aria-label=\"bannersistemascarreteros\"><\/div><div class=\"swiper-slide-inner\" ><div class=\"swiper-slide-contents\"><div class=\"elementor-slide-heading\">Sistemas carreteros<\/div><\/div><\/div><\/div><div class=\"elementor-repeater-item-c2aaf05 swiper-slide\" role=\"group\" aria-roledescription=\"slide\"><div class=\"swiper-slide-bg\" role=\"img\" aria-label=\"banner-programacion\"><\/div><div class=\"swiper-slide-inner\" ><div class=\"swiper-slide-contents\"><div class=\"elementor-slide-heading\">Desarrollo de Sistemas<\/div><\/div><\/div><\/div><div class=\"elementor-repeater-item-9703a50 swiper-slide\" role=\"group\" aria-roledescription=\"slide\"><div class=\"swiper-slide-bg\" role=\"img\" aria-label=\"bannercontroldeaccesos\"><\/div><div class=\"swiper-slide-inner\" ><div class=\"swiper-slide-contents\"><div class=\"elementor-slide-heading\">Sistemas de Telepeaje<\/div><\/div><\/div><\/div><div class=\"elementor-repeater-item-e93179a swiper-slide\" role=\"group\" aria-roledescription=\"slide\"><div class=\"swiper-slide-bg\" role=\"img\" aria-label=\"bannerseguridad\"><\/div><div class=\"swiper-slide-inner\" ><div class=\"swiper-slide-contents\"><div class=\"elementor-slide-heading\">SEGURIDAD<\/div><\/div><\/div><\/div><div class=\"elementor-repeater-item-b39537a swiper-slide\" role=\"group\" aria-roledescription=\"slide\"><div class=\"swiper-slide-bg\" role=\"img\" aria-label=\"bannersistemasinteligentes\"><\/div><div class=\"swiper-slide-inner\" ><div class=\"swiper-slide-contents\"><div class=\"elementor-slide-heading\">Instalaci\u00f3n y Mantenimiento<\/div><\/div><\/div><\/div>\t\t\t\t<\/div>\n\t\t\t\t\t\t\t\t\t\t\t\t\t\t\t<div class=\"elementor-swiper-button elementor-swiper-button-prev\" role=\"button\" tabindex=\"0\" aria-label=\"Previous slide\">\n\t\t\t\t\t\t\t<svg aria-hidden=\"true\" class=\"e-font-icon-svg e-eicon-chevron-left\" viewBox=\"0 0 1000 1000\" xmlns=\"http:\/\/www.w3.org\/2000\/svg\"><path d=\"M646 125C629 125 613 133 604 142L308 442C296 454 292 471 292 487 292 504 296 521 308 533L604 854C617 867 629 875 646 875 663 875 679 871 692 858 704 846 713 829 713 812 713 796 708 779 692 767L438 487 692 225C700 217 708 204 708 187 708 171 704 154 692 142 675 129 663 125 646 125Z\"><\/path><\/svg>\t\t\t\t\t\t<\/div>\n\t\t\t\t\t\t<div class=\"elementor-swiper-button elementor-swiper-button-next\" role=\"button\" tabindex=\"0\" aria-label=\"Next slide\">\n\t\t\t\t\t\t\t<svg aria-hidden=\"true\" class=\"e-font-icon-svg e-eicon-chevron-right\" viewBox=\"0 0 1000 1000\" xmlns=\"http:\/\/www.w3.org\/2000\/svg\"><path d=\"M696 533C708 521 713 504 713 487 713 471 708 454 696 446L400 146C388 133 375 125 354 125 338 125 325 129 313 142 300 154 292 171 292 187 292 204 296 221 308 233L563 492 304 771C292 783 288 800 288 817 288 833 296 850 308 863 321 871 338 875 354 875 371 875 388 867 400 854L696 533Z\"><\/path><\/svg>\t\t\t\t\t\t<\/div>\n\t\t\t\t\t\t\t\t\t\t\t\t\t\t\t\t<div class=\"swiper-pagination\"><\/div>\n\t\t\t\t\t\t\t\t\t\t\t\t<\/div>\n\t\t\t\t\t\t\t\t<\/div>\n\t\t\t\t<\/div>\n\t\t<div class=\"elementor-element elementor-element-8a038f6 e-flex e-con-boxed e-con e-parent\" data-id=\"8a038f6\" data-element_type=\"container\" data-e-type=\"container\" id=\"nosotros\">\n\t\t\t\t\t<div class=\"e-con-inner\">\n\t\t\t\t<div class=\"elementor-element elementor-element-531ea80 elementor-widget elementor-widget-heading\" data-id=\"531ea80\" data-element_type=\"widget\" data-e-type=\"widget\" data-widget_type=\"heading.default\">\n\t\t\t\t\t<h2 class=\"elementor-heading-title elementor-size-default\">NOSOTROS<\/h2>\t\t\t\t<\/div>\n\t\t\t\t<div class=\"elementor-element elementor-element-40331b8 elementor-widget__width-initial elementor-widget elementor-widget-text-editor\" data-id=\"40331b8\" data-element_type=\"widget\" data-e-type=\"widget\" data-widget_type=\"text-editor.default\">\n\t\t\t\t\t\t\t\t\t<div id=\"u1582-6\" class=\"clearfix grpelem\" data-muse-uid=\"U1582\" data-muse-type=\"txt_frame\" data-ibe-flags=\"txtStyleSrc\"><p>Somos una empresa de ingenier\u00eda y tecnolog\u00eda fundada en 2008 100% mexicana, que busca ofrecer a sus clientes soluciones integrales en el \u00e1mbito de gesti\u00f3n de<\/p><\/div>\t\t\t\t\t\t\t\t<\/div>\n\t\t\t\t\t<\/div>\n\t\t\t\t<\/div>\n\t\t<div class=\"elementor-element elementor-element-4d66f29 e-flex e-con-boxed e-con e-parent\" data-id=\"4d66f29\" data-element_type=\"container\" data-e-type=\"container\" data-settings=\"{&quot;background_background&quot;:&quot;video&quot;,&quot;background_video_link&quot;:&quot;https:\\\/\\\/accionaingenieria.com.mx\\\/wp-content\\\/uploads\\\/2026\\\/03\\\/nosotros.mp4&quot;}\">\n\t\t\t\t\t<div class=\"e-con-inner\">\n\t\t<div class=\"elementor-background-video-container elementor-hidden-mobile\">\n\t\t\t\t\t\t\t<video class=\"elementor-background-video-hosted\" role=\"presentation\" autoplay muted playsinline loop><\/video>\n\t\t\t\t\t<\/div><div class=\"elementor-element elementor-element-f4be836 e-con-full animated-slow e-flex elementor-invisible e-con e-child\" data-id=\"f4be836\" data-element_type=\"container\" data-e-type=\"container\" data-settings=\"{&quot;animation&quot;:&quot;fadeIn&quot;,&quot;animation_delay&quot;:400}\">\n\t\t<div class=\"elementor-element elementor-element-77b8ecc e-con-full e-flex e-con e-child\" data-id=\"77b8ecc\" data-element_type=\"container\" data-e-type=\"container\">\n\t\t\t\t<div class=\"elementor-element elementor-element-2bdb232 elementor-widget elementor-widget-image\" data-id=\"2bdb232\" data-element_type=\"widget\" data-e-type=\"widget\" data-widget_type=\"image.default\">\n\t\t\t\t\t\t\t\t\t\t\t\t\t\t\t<img fetchpriority=\"high\" decoding=\"async\" width=\"512\" height=\"512\" src=\"https:\/\/accionaingenieria.com.mx\/wp-content\/uploads\/2026\/03\/motorway.png\" class=\"attachment-large size-large wp-image-568\" alt=\"\" srcset=\"https:\/\/accionaingenieria.com.mx\/wp-content\/uploads\/2026\/03\/motorway.png 512w, https:\/\/accionaingenieria.com.mx\/wp-content\/uploads\/2026\/03\/motorway-300x300.png 300w, https:\/\/accionaingenieria.com.mx\/wp-content\/uploads\/2026\/03\/motorway-150x150.png 150w\" sizes=\"(max-width: 512px) 100vw, 512px\" \/>\t\t\t\t\t\t\t\t\t\t\t\t\t\t\t<\/div>\n\t\t\t\t<div class=\"elementor-element elementor-element-df494a3 elementor-widget elementor-widget-heading\" data-id=\"df494a3\" data-element_type=\"widget\" data-e-type=\"widget\" data-widget_type=\"heading.default\">\n\t\t\t\t\t<h2 class=\"elementor-heading-title elementor-size-default\">Sistemas carreteros<\/h2>\t\t\t\t<\/div>\n\t\t\t\t<\/div>\n\t\t<div class=\"elementor-element elementor-element-247dbf7 e-con-full e-flex e-con e-child\" data-id=\"247dbf7\" data-element_type=\"container\" data-e-type=\"container\">\n\t\t\t\t<div class=\"elementor-element elementor-element-180045e elementor-widget elementor-widget-image\" data-id=\"180045e\" data-element_type=\"widget\" data-e-type=\"widget\" data-widget_type=\"image.default\">\n\t\t\t\t\t\t\t\t\t\t\t\t\t\t\t<img decoding=\"async\" width=\"512\" height=\"512\" src=\"https:\/\/accionaingenieria.com.mx\/wp-content\/uploads\/2026\/02\/encrypted.png\" class=\"attachment-large size-large wp-image-96\" alt=\"\" srcset=\"https:\/\/accionaingenieria.com.mx\/wp-content\/uploads\/2026\/02\/encrypted.png 512w, https:\/\/accionaingenieria.com.mx\/wp-content\/uploads\/2026\/02\/encrypted-300x300.png 300w, https:\/\/accionaingenieria.com.mx\/wp-content\/uploads\/2026\/02\/encrypted-150x150.png 150w\" sizes=\"(max-width: 512px) 100vw, 512px\" \/>\t\t\t\t\t\t\t\t\t\t\t\t\t\t\t<\/div>\n\t\t\t\t<div class=\"elementor-element elementor-element-a9a38aa elementor-widget elementor-widget-heading\" data-id=\"a9a38aa\" data-element_type=\"widget\" data-e-type=\"widget\" data-widget_type=\"heading.default\">\n\t\t\t\t\t<h2 class=\"elementor-heading-title elementor-size-default\">Seguridad<\/h2>\t\t\t\t<\/div>\n\t\t\t\t<\/div>\n\t\t<div class=\"elementor-element elementor-element-1a87b7f e-con-full e-flex e-con e-child\" data-id=\"1a87b7f\" data-element_type=\"container\" data-e-type=\"container\">\n\t\t\t\t<div class=\"elementor-element elementor-element-8492234 elementor-widget elementor-widget-image\" data-id=\"8492234\" data-element_type=\"widget\" data-e-type=\"widget\" data-widget_type=\"image.default\">\n\t\t\t\t\t\t\t\t\t\t\t\t\t\t\t<img decoding=\"async\" width=\"512\" height=\"512\" src=\"https:\/\/accionaingenieria.com.mx\/wp-content\/uploads\/2026\/03\/toll-road.png\" class=\"attachment-large size-large wp-image-563\" alt=\"\" srcset=\"https:\/\/accionaingenieria.com.mx\/wp-content\/uploads\/2026\/03\/toll-road.png 512w, https:\/\/accionaingenieria.com.mx\/wp-content\/uploads\/2026\/03\/toll-road-300x300.png 300w, https:\/\/accionaingenieria.com.mx\/wp-content\/uploads\/2026\/03\/toll-road-150x150.png 150w\" sizes=\"(max-width: 512px) 100vw, 512px\" \/>\t\t\t\t\t\t\t\t\t\t\t\t\t\t\t<\/div>\n\t\t\t\t<div class=\"elementor-element elementor-element-c2cfabd elementor-widget elementor-widget-heading\" data-id=\"c2cfabd\" data-element_type=\"widget\" data-e-type=\"widget\" data-widget_type=\"heading.default\">\n\t\t\t\t\t<h2 class=\"elementor-heading-title elementor-size-default\">Control de Accesos<\/h2>\t\t\t\t<\/div>\n\t\t\t\t<\/div>\n\t\t<div class=\"elementor-element elementor-element-609043d e-con-full e-flex e-con e-child\" data-id=\"609043d\" data-element_type=\"container\" data-e-type=\"container\">\n\t\t\t\t<div class=\"elementor-element elementor-element-1216d54 elementor-widget elementor-widget-image\" data-id=\"1216d54\" data-element_type=\"widget\" data-e-type=\"widget\" data-widget_type=\"image.default\">\n\t\t\t\t\t\t\t\t\t\t\t\t\t\t\t<img loading=\"lazy\" decoding=\"async\" width=\"512\" height=\"512\" src=\"https:\/\/accionaingenieria.com.mx\/wp-content\/uploads\/2026\/03\/access-control-1.png\" class=\"attachment-large size-large wp-image-564\" alt=\"\" srcset=\"https:\/\/accionaingenieria.com.mx\/wp-content\/uploads\/2026\/03\/access-control-1.png 512w, https:\/\/accionaingenieria.com.mx\/wp-content\/uploads\/2026\/03\/access-control-1-300x300.png 300w, https:\/\/accionaingenieria.com.mx\/wp-content\/uploads\/2026\/03\/access-control-1-150x150.png 150w\" sizes=\"(max-width: 512px) 100vw, 512px\" \/>\t\t\t\t\t\t\t\t\t\t\t\t\t\t\t<\/div>\n\t\t\t\t<div class=\"elementor-element elementor-element-f3efde9 elementor-widget elementor-widget-heading\" data-id=\"f3efde9\" data-element_type=\"widget\" data-e-type=\"widget\" data-widget_type=\"heading.default\">\n\t\t\t\t\t<h2 class=\"elementor-heading-title elementor-size-default\">Sistemas Inteligentes<br>\nde transportes ITS\n\n<\/h2>\t\t\t\t<\/div>\n\t\t\t\t<\/div>\n\t\t\t\t<\/div>\n\t\t\t\t\t<\/div>\n\t\t\t\t<\/div>\n\t\t<div class=\"elementor-element elementor-element-666736f e-flex e-con-boxed e-con e-parent\" data-id=\"666736f\" data-element_type=\"container\" data-e-type=\"container\">\n\t\t\t\t\t<div class=\"e-con-inner\">\n\t\t\t\t<div class=\"elementor-element elementor-element-bed217a elementor-widget elementor-widget-text-editor\" data-id=\"bed217a\" data-element_type=\"widget\" data-e-type=\"widget\" data-widget_type=\"text-editor.default\">\n\t\t\t\t\t\t\t\t\t<div id=\"u507-4\" class=\"clearfix grpelem\" data-muse-uid=\"U507\" data-muse-type=\"txt_frame\" data-ibe-flags=\"txtStyleSrc\"><p>ACCIONA INGENIER\u00cdA Y DESARROLLO EMPRESARIAL ha conseguido posicionarse en el mercado mexicano y sudamericano entre las principales empresas que ofrecen una Auditor\u00eda a los sistemas carreteros, Sistemas de Backoffice de Telepeaje y Sistemas Inteligentes de Transporte debido a su gran experiencia en \u00e9stos temas as\u00ed como en la Operaci\u00f3n de los sistemas de cobro de Telepeaje, Peaje y otros medios electr\u00f3nicos de pago. Actualmente cuenta con actividad en varios Estados de la Rep\u00fablica Mexicana, entre sus proyectos m\u00e1s representativos maneja la implementaci\u00f3n de Sistemas Integrales de Peaje-Telepeaje a nivel nacional.<\/p><\/div><div id=\"u509-4\" class=\"clearfix grpelem\" data-muse-uid=\"U509\" data-muse-type=\"txt_frame\" data-ibe-flags=\"txtStyleSrc\"><p>Tambi\u00e9n cuenta con la experiencia en la instalaci\u00f3n y mantenimiento de carriles de peaje y telepeaje as\u00ed como en estacionamientos p\u00fablicos y privados. Formada por un grupo de profesionales interdisciplinarios con experiencia en el sector carretero a nivel nacional e internacional por m\u00e1s de 20 a\u00f1os, que les permite ofrecer servicios basados en los valores corporativos de calidad, eficiencia, seguridad y experiencia.<\/p><\/div>\t\t\t\t\t\t\t\t<\/div>\n\t\t\t\t\t<\/div>\n\t\t\t\t<\/div>\n\t\t\t\t<\/div>\n\t\t","protected":false},"excerpt":{"rendered":"<p>Sistemas carreterosDesarrollo de SistemasSistemas de TelepeajeSEGURIDADInstalaci\u00f3n y Mantenimiento NOSOTROS Somos una empresa de ingenier\u00eda y tecnolog\u00eda fundada en 2008 100% mexicana, que busca ofrecer a sus clientes soluciones integrales en el \u00e1mbito de gesti\u00f3n de Sistemas carreteros Seguridad Control de Accesos Sistemas Inteligentes de transportes ITS ACCIONA INGENIER\u00cdA Y DESARROLLO EMPRESARIAL ha conseguido posicionarse en [&hellip;]<\/p>\n","protected":false},"author":1,"featured_media":0,"parent":0,"menu_order":0,"comment_status":"closed","ping_status":"closed","template":"","meta":{"inline_featured_image":false,"footnotes":""},"class_list":["post-8","page","type-page","status-publish","hentry"],"_links":{"self":[{"href":"https:\/\/accionaingenieria.com.mx\/index.php\/wp-json\/wp\/v2\/pages\/8","targetHints":{"allow":["GET"]}}],"collection":[{"href":"https:\/\/accionaingenieria.com.mx\/index.php\/wp-json\/wp\/v2\/pages"}],"about":[{"href":"https:\/\/accionaingenieria.com.mx\/index.php\/wp-json\/wp\/v2\/types\/page"}],"author":[{"embeddable":true,"href":"https:\/\/accionaingenieria.com.mx\/index.php\/wp-json\/wp\/v2\/users\/1"}],"replies":[{"embeddable":true,"href":"https:\/\/accionaingenieria.com.mx\/index.php\/wp-json\/wp\/v2\/comments?post=8"}],"version-history":[{"count":73,"href":"https:\/\/accionaingenieria.com.mx\/index.php\/wp-json\/wp\/v2\/pages\/8\/revisions"}],"predecessor-version":[{"id":571,"href":"https:\/\/accionaingenieria.com.mx\/index.php\/wp-json\/wp\/v2\/pages\/8\/revisions\/571"}],"wp:attachment":[{"href":"https:\/\/accionaingenieria.com.mx\/index.php\/wp-json\/wp\/v2\/media?parent=8"}],"curies":[{"name":"wp","href":"https:\/\/api.w.org\/{rel}","templated":true}]}}